{"id":469,"date":"2022-11-28T14:44:50","date_gmt":"2022-11-28T14:44:50","guid":{"rendered":"https:\/\/castillodemontsonis.es\/contact\/"},"modified":"2023-10-18T13:49:30","modified_gmt":"2023-10-18T13:49:30","slug":"contact","status":"publish","type":"page","link":"https:\/\/castillodemontsonis.es\/en\/contact\/","title":{"rendered":"Contact"},"content":{"rendered":"<section class=\"wpb-content-wrapper\">[vc_row css=&#8221;.vc_custom_1673345680717{padding-top: 20% !important;padding-bottom: 20% !important;background-image: url(https:\/\/castillodemontsonis.es\/wp-content\/uploads\/2023\/01\/castillo-de-montsonis.jpg?id=58) !important;background-position: center !important;background-repeat: no-repeat !important;background-size: cover !important;}&#8221;][vc_column width=&#8221;1\/4&#8243;][\/vc_column][vc_column width=&#8221;1\/2&#8243;][vc_column_text]\n<div class=\"capa-text-hero-full\">\n<div class=\"container-text-full\">\n<div class=\"content-text-full\">\n<h1 class=\"alt-font\" style=\"text-align: center;\"><span style=\"font-size: 120%;\" data-text-color=\"success\"><span style=\"font-size: 170%;\" data-line-height=\"s\">Montson\u00eds Castle, a journey through time<\/span><br \/>\n<\/span><\/h1>\n<p style=\"text-align: center;\"><span style=\"font-size: 130%;\" data-text-color=\"success\" data-line-height=\"s\">The Montson\u00eds Castle is a magnificent fortress integrated in the upper part of the small and peaceful village of Montson\u00eds, surrounded by fertile lands and wonderful views.<\/span><\/p>\n<\/div>\n<\/div>\n<\/div>\n[\/vc_column_text][\/vc_column][vc_column width=&#8221;1\/4&#8243;][\/vc_column][\/vc_row][vc_row css=&#8221;.vc_custom_1673379665096{padding-top: 5% !important;padding-right: 5% !important;padding-bottom: 5% !important;padding-left: 5% !important;}&#8221;][vc_column][vc_row_inner][vc_column_inner width=&#8221;1\/3&#8243;][vc_column_text]\n<h1 class=\"uppercase\" style=\"text-align: left;\"><span data-text-color=\"primary\">RESERVATIONS<br \/>\n<\/span><\/h1>\n[\/vc_column_text][vc_column_text]\n<div class=\"col-xs-12 col-md-offset-1 col-md-4 texto-bloque\">\n<p style=\"text-align: justify;\"><span style=\"font-size: 90%;\">To rent the Montson\u00eds Castle exclusively, it is necessary to make a prior reservation. Please send us a message to inquire about availability:<\/span><\/p>\n<p><span class=\"im\"><a href=\"mailto:eventos@castillodemontsonis.es\" target=\"_blank\" rel=\"noopener\"> eventos@castillodemontsonis.es<\/a><\/span><\/p>\n<div class=\"info-contacto\">Pla\u00e7a del Castell, 1, 25737 Montson\u00eds, Lleida<br \/>\n<a href=\"https:\/\/goo.gl\/maps\/Y67i4sxW2SH678eS6\" target=\"_blank\" rel=\"noopener\">Map \u2013 Satellite<\/a><\/div>\n<\/div>\n[\/vc_column_text][\/vc_column_inner][vc_column_inner width=&#8221;2\/3&#8243;]<script type=\"text\/javascript\">if(!gform){document.addEventListener(\"gform_main_scripts_loaded\",function(){gform.scriptsLoaded=!0}),window.addEventListener(\"DOMContentLoaded\",function(){gform.domLoaded=!0});var gform={domLoaded:!1,scriptsLoaded:!1,initializeOnLoaded:function(o){gform.domLoaded&&gform.scriptsLoaded?o():!gform.domLoaded&&gform.scriptsLoaded?window.addEventListener(\"DOMContentLoaded\",o):document.addEventListener(\"gform_main_scripts_loaded\",o)},hooks:{action:{},filter:{}},addAction:function(o,n,r,t){gform.addHook(\"action\",o,n,r,t)},addFilter:function(o,n,r,t){gform.addHook(\"filter\",o,n,r,t)},doAction:function(o){gform.doHook(\"action\",o,arguments)},applyFilters:function(o){return gform.doHook(\"filter\",o,arguments)},removeAction:function(o,n){gform.removeHook(\"action\",o,n)},removeFilter:function(o,n,r){gform.removeHook(\"filter\",o,n,r)},addHook:function(o,n,r,t,i){null==gform.hooks[o][n]&&(gform.hooks[o][n]=[]);var e=gform.hooks[o][n];null==i&&(i=n+\"_\"+e.length),null==t&&(t=10),gform.hooks[o][n].push({tag:i,callable:r,priority:t})},doHook:function(o,n,r){if(r=Array.prototype.slice.call(r,1),null!=gform.hooks[o][n]){var t,i=gform.hooks[o][n];i.sort(function(o,n){return o.priority-n.priority});for(var e=0;e<i.length;e++)\"function\"!=typeof(t=i[e].callable)&&(t=window[t]),\"action\"==o?t.apply(null,r):r[0]=t.apply(null,r)}if(\"filter\"==o)return r[0]},removeHook:function(o,n,r,t){if(null!=gform.hooks[o][n])for(var i=gform.hooks[o][n],e=i.length-1;0<=e;e--)null!=t&&t!=i[e].tag||null!=r&&r!=i[e].priority||i.splice(e,1)}}}<\/script>\n                <div class='gf_browser_gecko gform_wrapper gravity-theme' id='gform_wrapper_1' ><form method='post' enctype='multipart\/form-data'  id='gform_1'  action='\/en\/wp-json\/wp\/v2\/pages\/469' >\n                        <div class='gform_body gform-body'><div id='gform_fields_1' class='gform_fields top_label form_sublabel_below description_below'><div id=\"field_1_1\" class=\"gfield gfield--width-half gfield_contains_required field_sublabel_below field_description_below hidden_label gfield_visibility_visible\" ><label class='gfield_label' for='input_1_1' >Nombre<span class=\"gfield_required\"><span class=\"gfield_required gfield_required_text\">(Required)<\/span><\/span><\/label><div class='ginput_container ginput_container_text'><input name='input_1' id='input_1_1' type='text' value='' class='large'    placeholder='Nombre' aria-required=\"true\" aria-invalid=\"false\"   \/> <\/div><\/div><div id=\"field_1_2\" class=\"gfield gfield--width-half gfield_contains_required field_sublabel_below field_description_below hidden_label gfield_visibility_visible\" ><label class='gfield_label' for='input_1_2' >Nombre<span class=\"gfield_required\"><span class=\"gfield_required gfield_required_text\">(Required)<\/span><\/span><\/label><div class='ginput_container ginput_container_text'><input name='input_2' id='input_1_2' type='text' value='' class='large'    placeholder='E-mail' aria-required=\"true\" aria-invalid=\"false\"   \/> <\/div><\/div><div id=\"field_1_3\" class=\"gfield gfield--width-full field_sublabel_below field_description_below hidden_label gfield_visibility_visible\" ><label class='gfield_label' for='input_1_3' >Sin nombre<\/label><div class='ginput_container ginput_container_textarea'><textarea name='input_3' id='input_1_3' class='textarea large'    placeholder='Mensaje * Tipo de evento, fechas previstas, n\u00famero de invitados, etc.'  aria-invalid=\"false\"   rows='10' cols='50'><\/textarea><\/div><\/div><fieldset id=\"field_1_5\" class=\"gfield gfield--width-full gfield_contains_required field_sublabel_below field_description_below hidden_label gfield_visibility_visible\" ><legend class='gfield_label gfield_label_before_complex'  >Consentimiento<span class=\"gfield_required\"><span class=\"gfield_required gfield_required_text\">(Required)<\/span><\/span><\/legend><div class='ginput_container ginput_container_consent'><input name='input_5.1' id='input_1_5_1' type='checkbox' value='1'   aria-required=\"true\" aria-invalid=\"false\"   \/> <label class=\"gfield_consent_label\" for='input_1_5_1' >He le\u00eddo y acepto la <a href=\"https:\/\/castillodemontsonis.es\/politica-de-privacidad\" target=\"_blank\" rel=\"noopener\">Pol\u00edtica de Privacidad<\/a><\/label><span class=\"gfield_required gfield_required_text\">(Required)<\/span><input type='hidden' name='input_5.2' value='He le\u00eddo y acepto la &lt;a href=&quot;https:\/\/castillodemontsonis.es\/politica-de-privacidad&quot; target=&quot;_blank&quot; rel=&quot;noopener&quot;&gt;Pol\u00edtica de Privacidad&lt;\/a&gt;' class='gform_hidden' \/><input type='hidden' name='input_5.3' value='1' class='gform_hidden' \/><\/div><\/fieldset><div id=\"field_1_6\" class=\"gfield gform_validation_container field_sublabel_below field_description_below gfield_visibility_visible\" ><label class='gfield_label' for='input_1_6' >Email<\/label><div class='ginput_container'><input name='input_6' id='input_1_6' type='text' value='' \/><\/div><div class='gfield_description' id='gfield_description_1_6'>This field is for validation purposes and should be left unchanged.<\/div><\/div><\/div><\/div>\n        <div class='gform_footer top_label'> <input type='submit' id='gform_submit_button_1' class='gform_button button' value='Enviar'  onclick='if(window[\"gf_submitting_1\"]){return false;}  window[\"gf_submitting_1\"]=true;  ' onkeypress='if( event.keyCode == 13 ){ if(window[\"gf_submitting_1\"]){return false;} window[\"gf_submitting_1\"]=true;  jQuery(\"#gform_1\").trigger(\"submit\",[true]); }' \/> \n            <input type='hidden' class='gform_hidden' name='is_submit_1' value='1' \/>\n            <input type='hidden' class='gform_hidden' name='gform_submit' value='1' \/>\n            \n            <input type='hidden' class='gform_hidden' name='gform_unique_id' value='' \/>\n            <input type='hidden' class='gform_hidden' name='state_1' value='WyJ7XCI1LjFcIjpcIjFlMWVmNjE3ZWYzNDllZmM5OTg2MzYzNGU2MDhhY2ViXCIsXCI1LjJcIjpcIjkzOTNkOWEwYTYyNGMwYmRhMjZhNmNhMzljNTAwZTVhXCIsXCI1LjNcIjpcIjFlMWVmNjE3ZWYzNDllZmM5OTg2MzYzNGU2MDhhY2ViXCJ9IiwiODZmMGYyZDg4YTczMjIxZjcxYzg4YTA0NTI2OTM2NjEiXQ==' \/>\n            <input type='hidden' class='gform_hidden' name='gform_target_page_number_1' id='gform_target_page_number_1' value='0' \/>\n            <input type='hidden' class='gform_hidden' name='gform_source_page_number_1' id='gform_source_page_number_1' value='1' \/>\n            <input type='hidden' name='gform_field_values' value='' \/>\n            \n        <\/div>\n                        <\/form>\n                        <\/div>[\/vc_column_inner][\/vc_row_inner][\/vc_column][\/vc_row]\n<\/section>","protected":false},"excerpt":{"rendered":"[vc_row css=&#8221;.vc_custom_1673345680717{padding-top: 20% !important;padding-bottom: 20% !important;background-image: url(https:\/\/castillodemontsonis.es\/wp-content\/uploads\/2023\/01\/castillo-de-montsonis.jpg?id=58) !important;background-position: center !important;background-repeat: no-repeat !important;background-size: cover !important;}&#8221;][vc_column width=&#8221;1\/4&#8243;][\/vc_column][vc_column width=&#8221;1\/2&#8243;][vc_column_text] Montson\u00eds Castle, a journey through time The Montson\u00eds Castle is a magnificent fortress integrated in the upper part of the small and peaceful village of Montson\u00eds, surrounded by fertile lands and wonderful views. [\/vc_column_text][\/vc_column][vc_column width=&#8221;1\/4&#8243;][\/vc_column][\/vc_row][vc_row css=&#8221;.vc_custom_1673379665096{padding-top: 5% !important;padding-right: 5% [&#8230;]\n","protected":false},"author":1,"featured_media":0,"parent":0,"menu_order":0,"comment_status":"closed","ping_status":"closed","template":"page-blank.php","meta":{"footnotes":""},"class_list":["post-469","page","type-page","status-publish","hentry"],"yoast_head":"<!-- This site is optimized with the Yoast SEO plugin v19.10 - https:\/\/yoast.com\/wordpress\/plugins\/seo\/ -->\n<title>Contact - Castillo de Montson\u00eds<\/title>\n<meta name=\"robots\" content=\"index, follow, max-snippet:-1, max-image-preview:large, max-video-preview:-1\" \/>\n<link rel=\"canonical\" href=\"https:\/\/castillodemontsonis.es\/en\/contact\/\" \/>\n<meta property=\"og:locale\" content=\"en_US\" \/>\n<meta property=\"og:type\" content=\"article\" \/>\n<meta property=\"og:title\" content=\"Contact - Castillo de Montson\u00eds\" \/>\n<meta property=\"og:description\" content=\"[vc_row css=&#8221;.vc_custom_1673345680717{padding-top: 20% !important;padding-bottom: 20% !important;background-image: url(https:\/\/castillodemontsonis.es\/wp-content\/uploads\/2023\/01\/castillo-de-montsonis.jpg?id=58) !important;background-position: center !important;background-repeat: no-repeat !important;background-size: cover !important;}&#8221;][vc_column width=&#8221;1\/4&#8243;][\/vc_column][vc_column width=&#8221;1\/2&#8243;][vc_column_text] Montson\u00eds Castle, a journey through time The Montson\u00eds Castle is a magnificent fortress integrated in the upper part of the small and peaceful village of Montson\u00eds, surrounded by fertile lands and wonderful views. [\/vc_column_text][\/vc_column][vc_column width=&#8221;1\/4&#8243;][\/vc_column][\/vc_row][vc_row css=&#8221;.vc_custom_1673379665096{padding-top: 5% !important;padding-right: 5% [...]\" \/>\n<meta property=\"og:url\" content=\"https:\/\/castillodemontsonis.es\/en\/contact\/\" \/>\n<meta property=\"og:site_name\" content=\"Castillo de Montson\u00eds\" \/>\n<meta property=\"article:modified_time\" content=\"2023-10-18T13:49:30+00:00\" \/>\n<meta name=\"twitter:card\" content=\"summary_large_image\" \/>\n<meta name=\"twitter:label1\" content=\"Est. reading time\" \/>\n\t<meta name=\"twitter:data1\" content=\"1 minute\" \/>\n<script type=\"application\/ld+json\" class=\"yoast-schema-graph\">{\"@context\":\"https:\/\/schema.org\",\"@graph\":[{\"@type\":\"WebPage\",\"@id\":\"https:\/\/castillodemontsonis.es\/en\/contact\/\",\"url\":\"https:\/\/castillodemontsonis.es\/en\/contact\/\",\"name\":\"Contact - Castillo de Montson\u00eds\",\"isPartOf\":{\"@id\":\"https:\/\/castillodemontsonis.es\/#website\"},\"datePublished\":\"2022-11-28T14:44:50+00:00\",\"dateModified\":\"2023-10-18T13:49:30+00:00\",\"breadcrumb\":{\"@id\":\"https:\/\/castillodemontsonis.es\/en\/contact\/#breadcrumb\"},\"inLanguage\":\"en-US\",\"potentialAction\":[{\"@type\":\"ReadAction\",\"target\":[\"https:\/\/castillodemontsonis.es\/en\/contact\/\"]}]},{\"@type\":\"BreadcrumbList\",\"@id\":\"https:\/\/castillodemontsonis.es\/en\/contact\/#breadcrumb\",\"itemListElement\":[{\"@type\":\"ListItem\",\"position\":1,\"name\":\"Portada\",\"item\":\"https:\/\/castillodemontsonis.es\/en\/\"},{\"@type\":\"ListItem\",\"position\":2,\"name\":\"Contact\"}]},{\"@type\":\"WebSite\",\"@id\":\"https:\/\/castillodemontsonis.es\/#website\",\"url\":\"https:\/\/castillodemontsonis.es\/\",\"name\":\"Castillo de Montson\u00eds\",\"description\":\"Castell de Montson\u00eds\",\"potentialAction\":[{\"@type\":\"SearchAction\",\"target\":{\"@type\":\"EntryPoint\",\"urlTemplate\":\"https:\/\/castillodemontsonis.es\/?s={search_term_string}\"},\"query-input\":\"required name=search_term_string\"}],\"inLanguage\":\"en-US\"}]}<\/script>\n<!-- \/ Yoast SEO plugin. -->","yoast_head_json":{"title":"Contact - Castillo de Montson\u00eds","robots":{"index":"index","follow":"follow","max-snippet":"max-snippet:-1","max-image-preview":"max-image-preview:large","max-video-preview":"max-video-preview:-1"},"canonical":"https:\/\/castillodemontsonis.es\/en\/contact\/","og_locale":"en_US","og_type":"article","og_title":"Contact - Castillo de Montson\u00eds","og_description":"[vc_row css=&#8221;.vc_custom_1673345680717{padding-top: 20% !important;padding-bottom: 20% !important;background-image: url(https:\/\/castillodemontsonis.es\/wp-content\/uploads\/2023\/01\/castillo-de-montsonis.jpg?id=58) !important;background-position: center !important;background-repeat: no-repeat !important;background-size: cover !important;}&#8221;][vc_column width=&#8221;1\/4&#8243;][\/vc_column][vc_column width=&#8221;1\/2&#8243;][vc_column_text] Montson\u00eds Castle, a journey through time The Montson\u00eds Castle is a magnificent fortress integrated in the upper part of the small and peaceful village of Montson\u00eds, surrounded by fertile lands and wonderful views. [\/vc_column_text][\/vc_column][vc_column width=&#8221;1\/4&#8243;][\/vc_column][\/vc_row][vc_row css=&#8221;.vc_custom_1673379665096{padding-top: 5% !important;padding-right: 5% [...]","og_url":"https:\/\/castillodemontsonis.es\/en\/contact\/","og_site_name":"Castillo de Montson\u00eds","article_modified_time":"2023-10-18T13:49:30+00:00","twitter_card":"summary_large_image","twitter_misc":{"Est. reading time":"1 minute"},"schema":{"@context":"https:\/\/schema.org","@graph":[{"@type":"WebPage","@id":"https:\/\/castillodemontsonis.es\/en\/contact\/","url":"https:\/\/castillodemontsonis.es\/en\/contact\/","name":"Contact - Castillo de Montson\u00eds","isPartOf":{"@id":"https:\/\/castillodemontsonis.es\/#website"},"datePublished":"2022-11-28T14:44:50+00:00","dateModified":"2023-10-18T13:49:30+00:00","breadcrumb":{"@id":"https:\/\/castillodemontsonis.es\/en\/contact\/#breadcrumb"},"inLanguage":"en-US","potentialAction":[{"@type":"ReadAction","target":["https:\/\/castillodemontsonis.es\/en\/contact\/"]}]},{"@type":"BreadcrumbList","@id":"https:\/\/castillodemontsonis.es\/en\/contact\/#breadcrumb","itemListElement":[{"@type":"ListItem","position":1,"name":"Portada","item":"https:\/\/castillodemontsonis.es\/en\/"},{"@type":"ListItem","position":2,"name":"Contact"}]},{"@type":"WebSite","@id":"https:\/\/castillodemontsonis.es\/#website","url":"https:\/\/castillodemontsonis.es\/","name":"Castillo de Montson\u00eds","description":"Castell de Montson\u00eds","potentialAction":[{"@type":"SearchAction","target":{"@type":"EntryPoint","urlTemplate":"https:\/\/castillodemontsonis.es\/?s={search_term_string}"},"query-input":"required name=search_term_string"}],"inLanguage":"en-US"}]}},"_links":{"self":[{"href":"https:\/\/castillodemontsonis.es\/en\/wp-json\/wp\/v2\/pages\/469","targetHints":{"allow":["GET"]}}],"collection":[{"href":"https:\/\/castillodemontsonis.es\/en\/wp-json\/wp\/v2\/pages"}],"about":[{"href":"https:\/\/castillodemontsonis.es\/en\/wp-json\/wp\/v2\/types\/page"}],"author":[{"embeddable":true,"href":"https:\/\/castillodemontsonis.es\/en\/wp-json\/wp\/v2\/users\/1"}],"replies":[{"embeddable":true,"href":"https:\/\/castillodemontsonis.es\/en\/wp-json\/wp\/v2\/comments?post=469"}],"version-history":[{"count":10,"href":"https:\/\/castillodemontsonis.es\/en\/wp-json\/wp\/v2\/pages\/469\/revisions"}],"predecessor-version":[{"id":516,"href":"https:\/\/castillodemontsonis.es\/en\/wp-json\/wp\/v2\/pages\/469\/revisions\/516"}],"wp:attachment":[{"href":"https:\/\/castillodemontsonis.es\/en\/wp-json\/wp\/v2\/media?parent=469"}],"curies":[{"name":"wp","href":"https:\/\/api.w.org\/{rel}","templated":true}]}}