{"id":479,"date":"2022-11-28T14:10:56","date_gmt":"2022-11-28T14:10:56","guid":{"rendered":"https:\/\/castillodemontsonis.es\/home\/"},"modified":"2023-10-18T13:58:28","modified_gmt":"2023-10-18T13:58:28","slug":"home","status":"publish","type":"page","link":"https:\/\/castillodemontsonis.es\/en\/","title":{"rendered":"Home"},"content":{"rendered":"<section class=\"wpb-content-wrapper\">[vc_row css=&#8221;.vc_custom_1673345680717{padding-top: 20% !important;padding-bottom: 20% !important;background-image: url(https:\/\/castillodemontsonis.es\/wp-content\/uploads\/2023\/01\/castillo-de-montsonis.jpg?id=58) !important;background-position: center !important;background-repeat: no-repeat !important;background-size: cover !important;}&#8221;][vc_column width=&#8221;1\/4&#8243;][\/vc_column][vc_column width=&#8221;1\/2&#8243;][vc_column_text]\n<div class=\"capa-text-hero-full\">\n<div class=\"container-text-full\">\n<div class=\"content-text-full\">\n<h1 class=\"alt-font\" style=\"text-align: center;\"><span style=\"font-size: 120%;\" data-text-color=\"success\"><span style=\"font-size: 170%;\" data-line-height=\"s\">Castle of Montson\u00eds, a Journey Through Time<\/span><br \/>\n<\/span><\/h1>\n<p style=\"text-align: center;\"><span style=\"font-size: 130%;\" data-text-color=\"success\" data-line-height=\"s\">The Castle of Montson\u00eds is a magnificent fortress nestled at the top of the small and peaceful village of Montson\u00eds, surrounded by fertile lands and stunning views.<\/span><\/p>\n<\/div>\n<\/div>\n<\/div>\n[\/vc_column_text][\/vc_column][vc_column width=&#8221;1\/4&#8243;][\/vc_column][\/vc_row][vc_row css=&#8221;.vc_custom_1673348814353{padding-top: 10% !important;padding-right: 5% !important;padding-bottom: 5% !important;padding-left: 5% !important;}&#8221;][vc_column][vc_row_inner][vc_column_inner width=&#8221;2\/3&#8243;][vc_single_image image=&#8221;90&#8243; img_size=&#8221;full&#8221;][\/vc_column_inner][vc_column_inner width=&#8221;1\/3&#8243;][vc_column_text]\n<h1 class=\"uppercase\" style=\"text-align: right;\"><span data-text-color=\"primary\">Unforgettable Events with a Long History.<\/span><\/h1>\n[\/vc_column_text][vc_empty_space][vc_column_text]\n<p style=\"text-align: right;\">The Castle of Montson\u00eds is the perfect setting for corporate events, private parties, and exclusive weddings that will never be forgotten<\/p>\n[\/vc_column_text][vc_creativelink align=&#8221;right&#8221; use_theme_fonts=&#8221;yes&#8221; transform=&#8221;normal&#8221; text=&#8221;Meetings and Events&#8221; url=&#8221;url:https%3A%2F%2Fcastillodemontsonis.es%2Fen%2Fevents%2F|title:Eventos&#8221; clr=&#8221;#19335e&#8221;][\/vc_column_inner][\/vc_row_inner][\/vc_column][\/vc_row][vc_row css=&#8221;.vc_custom_1673355435949{padding-top: 5% !important;padding-right: 5% !important;padding-bottom: 5% !important;padding-left: 5% !important;}&#8221;][vc_column][vc_row_inner][vc_column_inner width=&#8221;1\/3&#8243;][vc_column_text]\n<h1 class=\"uppercase\" style=\"text-align: right;\"><span data-text-color=\"primary\">Much more than a castle, a dreamy place.<br \/>\n<\/span><\/h1>\n[\/vc_column_text][vc_empty_space][vc_column_text]This castle has a long history behind it, as it, along with the other fortresses in the area, defended the border between &#8216;Old Catalonia&#8217; and &#8216;New Catalonia&#8217; for over a century, until the final conquest of Lleida in 1149. Walking through the streets of <strong>Montson\u00eds<\/strong> means delighting in a place with over 1000 years of history and a glorious past[\/vc_column_text][vc_creativelink align=&#8221;right&#8221; use_theme_fonts=&#8221;yes&#8221; transform=&#8221;normal&#8221; text=&#8221;Castle History&#8221; url=&#8221;url:https%3A%2F%2Fcastillodemontsonis.es%2Fen%2Fhistory%2F|title:Eventos&#8221; clr=&#8221;#19335e&#8221;][\/vc_column_inner][vc_column_inner width=&#8221;2\/3&#8243;][vc_single_image image=&#8221;118&#8243; img_size=&#8221;full&#8221;][\/vc_column_inner][\/vc_row_inner][\/vc_column][\/vc_row][vc_row css=&#8221;.vc_custom_1673356381752{padding-top: 10% !important;padding-bottom: 15% !important;background-image: url(https:\/\/castillodemontsonis.es\/wp-content\/uploads\/2023\/01\/CASTILLO-MONTSONIS.jpg?id=121) !important;}&#8221;][vc_column][vc_row_inner css=&#8221;.vc_custom_1673359180480{padding-right: 5% !important;padding-left: 5% !important;}&#8221;][vc_column_inner width=&#8221;1\/2&#8243;][vc_column_text]\n<h1 class=\"uppercase\" style=\"text-align: left;\"><span data-text-color=\"primary\"><span data-text-color=\"success\"> Montson\u00eds Castle<\/span><\/span><\/h1>\n<h1 style=\"text-align: left;\"><span data-text-color=\"primary\"><span data-text-color=\"success\">Headquarters of the &#8220;Castells Culturals de Catalunya&#8221; Foundation.<\/span><br \/>\n<\/span><\/h1>\n[\/vc_column_text][vc_creativelink use_theme_fonts=&#8221;yes&#8221; transform=&#8221;normal&#8221; text=&#8221;Project and Mission&#8221; url=&#8221;url:https%3A%2F%2Fcastillodemontsonis.es%2Fen%2Fproject%2F|title:Eventos&#8221; clr=&#8221;#ffffff&#8221;][\/vc_column_inner][vc_column_inner width=&#8221;1\/2&#8243;][vc_column_text]\n<p style=\"text-align: justify;\"><span data-text-color=\"success\">Montson\u00eds Castle belongs to the Castells Culturals de Catalunya Foundation, with Carlos de Montoliu i Carrasco as its former owner and president, respectively. The aim is to continue its legacy and the initiatives of the foundation, such as the &#8220;Cicle M\u00fasica als Castells&#8221; (Music at the Castles Series).<\/span><\/p>\n<div class=\"ng-star-inserted\">\n<div class=\"separation-50\">\n<div class=\"descripcio g-cosprincipal html-description\">\n<p style=\"text-align: justify;\"><span data-text-color=\"success\">The Castells Culturals de Catalunya Private Foundation also established the <b>Institut d&#8217;Estudis Nobiliaris Catalans<\/b> (Institute of Catalan Nobiliary Studies), which is a section aimed at promoting the development and execution of research and study projects about the Catalan nobility. The headquarters of this foundation is located in Montson\u00eds Castle, in the municipality of Foradada<\/span><\/p>\n<\/div>\n<div class=\"ng-star-inserted\">\n<div class=\"separation-50\"><\/div>\n<\/div>\n<\/div>\n<\/div>\n[\/vc_column_text][\/vc_column_inner][\/vc_row_inner][\/vc_column][\/vc_row][vc_row css=&#8221;.vc_custom_1673370841078{padding-top: 7% !important;padding-right: 10% !important;padding-bottom: 10% !important;padding-left: 10% !important;}&#8221;][vc_column][vc_empty_space][vc_column_text]\n<h1 class=\"uppercase\" style=\"text-align: center;\"><span data-text-color=\"primary\"><span data-text-color=\"success\"><span data-text-color=\"primary\"> Visit to the Interior of Montson\u00eds Castle.<\/span><br \/>\n<\/span><\/span><\/h1>\n[\/vc_column_text][vc_column_text]\n<p style=\"text-align: justify;\">Located in the heart of Montson\u00eds, this majestic castle was built in <b>1024<\/b> to protect the area from possible Muslim invasions until the reconquest of Lleida in 1149, which is when the first reference to this castle appears. It dominates the <b>Salgar gorge<\/b> and the Artesa de Segre valley.<\/p>\n<p style=\"text-align: justify;\">Inside, there are various rooms, such as the Shield Room, a private oratory, and the pilgrim&#8217;s room. Additionally, you can visit the <b>prison<\/b>, which still preserves the chains and furniture from the era. In the cellar, a <b>secret passage<\/b> leading to the Salgar Monastery was discovered during the Spanish Civil War. This passage had been sealed off for 130 years due to the phylloxera plague that affected the vineyards in the area.<\/p>\n[\/vc_column_text][vc_empty_space][vc_row_inner][vc_column_inner][vc_column_text]\n<div id='gallery-1' class='gallery galleryid-479 gallery-columns-7 gallery-size-thumbnail'><figure class='gallery-item'>\n\t\t\t<div class='gallery-icon landscape'>\n\t\t\t\t<a href='https:\/\/castillodemontsonis.es\/wp-content\/uploads\/2023\/01\/Castillo-Montsonis-armaduras.png'><img loading=\"lazy\" decoding=\"async\" width=\"150\" height=\"150\" src=\"https:\/\/castillodemontsonis.es\/wp-content\/uploads\/2023\/01\/Castillo-Montsonis-armaduras-150x150.png\" class=\"attachment-thumbnail size-thumbnail\" alt=\"\" \/><\/a>\n\t\t\t<\/div><\/figure><figure class='gallery-item'>\n\t\t\t<div class='gallery-icon landscape'>\n\t\t\t\t<a href='https:\/\/castillodemontsonis.es\/wp-content\/uploads\/2023\/01\/Castillo-Montsonis-armaduras-epoca.png'><img loading=\"lazy\" decoding=\"async\" width=\"150\" height=\"150\" src=\"https:\/\/castillodemontsonis.es\/wp-content\/uploads\/2023\/01\/Castillo-Montsonis-armaduras-epoca-150x150.png\" class=\"attachment-thumbnail size-thumbnail\" alt=\"\" \/><\/a>\n\t\t\t<\/div><\/figure><figure class='gallery-item'>\n\t\t\t<div class='gallery-icon landscape'>\n\t\t\t\t<a href='https:\/\/castillodemontsonis.es\/wp-content\/uploads\/2023\/01\/Castillo-Montsonis-biblioteca.png'><img loading=\"lazy\" decoding=\"async\" width=\"150\" height=\"150\" src=\"https:\/\/castillodemontsonis.es\/wp-content\/uploads\/2023\/01\/Castillo-Montsonis-biblioteca-150x150.png\" class=\"attachment-thumbnail size-thumbnail\" alt=\"\" \/><\/a>\n\t\t\t<\/div><\/figure><figure class='gallery-item'>\n\t\t\t<div class='gallery-icon landscape'>\n\t\t\t\t<a href='https:\/\/castillodemontsonis.es\/wp-content\/uploads\/2023\/01\/Castillo-Montsonis-bodega.png'><img loading=\"lazy\" decoding=\"async\" width=\"150\" height=\"150\" src=\"https:\/\/castillodemontsonis.es\/wp-content\/uploads\/2023\/01\/Castillo-Montsonis-bodega-150x150.png\" class=\"attachment-thumbnail size-thumbnail\" alt=\"\" \/><\/a>\n\t\t\t<\/div><\/figure><figure class='gallery-item'>\n\t\t\t<div class='gallery-icon landscape'>\n\t\t\t\t<a href='https:\/\/castillodemontsonis.es\/wp-content\/uploads\/2023\/01\/Castillo-Montsonis-entrada.png'><img loading=\"lazy\" decoding=\"async\" width=\"150\" height=\"150\" src=\"https:\/\/castillodemontsonis.es\/wp-content\/uploads\/2023\/01\/Castillo-Montsonis-entrada-150x150.png\" class=\"attachment-thumbnail size-thumbnail\" alt=\"\" \/><\/a>\n\t\t\t<\/div><\/figure><figure class='gallery-item'>\n\t\t\t<div class='gallery-icon landscape'>\n\t\t\t\t<a href='https:\/\/castillodemontsonis.es\/wp-content\/uploads\/2023\/01\/Castillo-Montsonis-escudo.png'><img loading=\"lazy\" decoding=\"async\" width=\"150\" height=\"150\" src=\"https:\/\/castillodemontsonis.es\/wp-content\/uploads\/2023\/01\/Castillo-Montsonis-escudo-150x150.png\" class=\"attachment-thumbnail size-thumbnail\" alt=\"\" \/><\/a>\n\t\t\t<\/div><\/figure><figure class='gallery-item'>\n\t\t\t<div class='gallery-icon landscape'>\n\t\t\t\t<a href='https:\/\/castillodemontsonis.es\/wp-content\/uploads\/2023\/01\/Castillo-Montsonis-espacios.png'><img loading=\"lazy\" decoding=\"async\" width=\"150\" height=\"150\" src=\"https:\/\/castillodemontsonis.es\/wp-content\/uploads\/2023\/01\/Castillo-Montsonis-espacios-150x150.png\" class=\"attachment-thumbnail size-thumbnail\" alt=\"\" \/><\/a>\n\t\t\t<\/div><\/figure><figure class='gallery-item'>\n\t\t\t<div class='gallery-icon landscape'>\n\t\t\t\t<a href='https:\/\/castillodemontsonis.es\/wp-content\/uploads\/2023\/01\/Castillo-Montsonis-estancia.png'><img loading=\"lazy\" decoding=\"async\" width=\"150\" height=\"150\" src=\"https:\/\/castillodemontsonis.es\/wp-content\/uploads\/2023\/01\/Castillo-Montsonis-estancia-150x150.png\" class=\"attachment-thumbnail size-thumbnail\" alt=\"\" \/><\/a>\n\t\t\t<\/div><\/figure><figure class='gallery-item'>\n\t\t\t<div class='gallery-icon landscape'>\n\t\t\t\t<a href='https:\/\/castillodemontsonis.es\/wp-content\/uploads\/2023\/01\/Castillo-Montsonis-historia-viva.png'><img loading=\"lazy\" decoding=\"async\" width=\"150\" height=\"150\" src=\"https:\/\/castillodemontsonis.es\/wp-content\/uploads\/2023\/01\/Castillo-Montsonis-historia-viva-150x150.png\" class=\"attachment-thumbnail size-thumbnail\" alt=\"\" \/><\/a>\n\t\t\t<\/div><\/figure><figure class='gallery-item'>\n\t\t\t<div class='gallery-icon landscape'>\n\t\t\t\t<a href='https:\/\/castillodemontsonis.es\/wp-content\/uploads\/2023\/01\/Castillo-Montsonis-interior.png'><img loading=\"lazy\" decoding=\"async\" width=\"150\" height=\"150\" src=\"https:\/\/castillodemontsonis.es\/wp-content\/uploads\/2023\/01\/Castillo-Montsonis-interior-150x150.png\" class=\"attachment-thumbnail size-thumbnail\" alt=\"\" \/><\/a>\n\t\t\t<\/div><\/figure><figure class='gallery-item'>\n\t\t\t<div class='gallery-icon landscape'>\n\t\t\t\t<a href='https:\/\/castillodemontsonis.es\/wp-content\/uploads\/2023\/01\/Castillo-Montsonis-mazmorra.png'><img loading=\"lazy\" decoding=\"async\" width=\"150\" height=\"150\" src=\"https:\/\/castillodemontsonis.es\/wp-content\/uploads\/2023\/01\/Castillo-Montsonis-mazmorra-150x150.png\" class=\"attachment-thumbnail size-thumbnail\" alt=\"\" \/><\/a>\n\t\t\t<\/div><\/figure><figure class='gallery-item'>\n\t\t\t<div class='gallery-icon landscape'>\n\t\t\t\t<a href='https:\/\/castillodemontsonis.es\/wp-content\/uploads\/2023\/01\/Castillo-Montsonis-objetos-de-epoca.png'><img loading=\"lazy\" decoding=\"async\" width=\"150\" height=\"150\" src=\"https:\/\/castillodemontsonis.es\/wp-content\/uploads\/2023\/01\/Castillo-Montsonis-objetos-de-epoca-150x150.png\" class=\"attachment-thumbnail size-thumbnail\" alt=\"\" \/><\/a>\n\t\t\t<\/div><\/figure><figure class='gallery-item'>\n\t\t\t<div class='gallery-icon landscape'>\n\t\t\t\t<a href='https:\/\/castillodemontsonis.es\/wp-content\/uploads\/2023\/01\/Castillo-Montsonis-sala.png'><img loading=\"lazy\" decoding=\"async\" width=\"150\" height=\"150\" src=\"https:\/\/castillodemontsonis.es\/wp-content\/uploads\/2023\/01\/Castillo-Montsonis-sala-150x150.png\" class=\"attachment-thumbnail size-thumbnail\" alt=\"\" \/><\/a>\n\t\t\t<\/div><\/figure><figure class='gallery-item'>\n\t\t\t<div class='gallery-icon landscape'>\n\t\t\t\t<a href='https:\/\/castillodemontsonis.es\/wp-content\/uploads\/2023\/01\/Castillo-Montsonis-horno.png'><img loading=\"lazy\" decoding=\"async\" width=\"150\" height=\"150\" src=\"https:\/\/castillodemontsonis.es\/wp-content\/uploads\/2023\/01\/Castillo-Montsonis-horno-150x150.png\" class=\"attachment-thumbnail size-thumbnail\" alt=\"\" \/><\/a>\n\t\t\t<\/div><\/figure>\n\t\t<\/div>\n\n[\/vc_column_text][vc_creativelink align=&#8221;right&#8221; use_theme_fonts=&#8221;yes&#8221; transform=&#8221;normal&#8221; text=&#8221;Contact us&#8221; url=&#8221;url:https%3A%2F%2Fcastillodemontsonis.es%2Fen%2Fcontact%2F|title:Eventos&#8221; clr=&#8221;#19335e&#8221;][\/vc_column_inner][\/vc_row_inner][\/vc_column][\/vc_row]\n<\/section>","protected":false},"excerpt":{"rendered":"[vc_row css=&#8221;.vc_custom_1673345680717{padding-top: 20% !important;padding-bottom: 20% !important;background-image: url(https:\/\/castillodemontsonis.es\/wp-content\/uploads\/2023\/01\/castillo-de-montsonis.jpg?id=58) !important;background-position: center !important;background-repeat: no-repeat !important;background-size: cover !important;}&#8221;][vc_column width=&#8221;1\/4&#8243;][\/vc_column][vc_column width=&#8221;1\/2&#8243;][vc_column_text] Castle of Montson\u00eds, a Journey Through Time The Castle of Montson\u00eds is a magnificent fortress nestled at the top of the small and peaceful village of Montson\u00eds, surrounded by fertile lands and stunning views. [\/vc_column_text][\/vc_column][vc_column width=&#8221;1\/4&#8243;][\/vc_column][\/vc_row][vc_row css=&#8221;.vc_custom_1673348814353{padding-top: 10% !important;padding-right: [&#8230;]\n","protected":false},"author":1,"featured_media":438,"parent":0,"menu_order":0,"comment_status":"closed","ping_status":"closed","template":"page-transparent-header-light.php","meta":{"footnotes":""},"class_list":["post-479","page","type-page","status-publish","has-post-thumbnail","hentry"],"yoast_head":"<!-- This site is optimized with the Yoast SEO plugin v19.10 - https:\/\/yoast.com\/wordpress\/plugins\/seo\/ -->\n<title>Home - Castillo de Montson\u00eds<\/title>\n<meta name=\"robots\" content=\"index, follow, max-snippet:-1, max-image-preview:large, max-video-preview:-1\" \/>\n<link rel=\"canonical\" href=\"https:\/\/castillodemontsonis.es\/en\/\" \/>\n<meta property=\"og:locale\" content=\"en_US\" \/>\n<meta property=\"og:type\" content=\"article\" \/>\n<meta property=\"og:title\" content=\"Home - Castillo de Montson\u00eds\" \/>\n<meta property=\"og:description\" content=\"[vc_row css=&#8221;.vc_custom_1673345680717{padding-top: 20% !important;padding-bottom: 20% !important;background-image: url(https:\/\/castillodemontsonis.es\/wp-content\/uploads\/2023\/01\/castillo-de-montsonis.jpg?id=58) !important;background-position: center !important;background-repeat: no-repeat !important;background-size: cover !important;}&#8221;][vc_column width=&#8221;1\/4&#8243;][\/vc_column][vc_column width=&#8221;1\/2&#8243;][vc_column_text] Castle of Montson\u00eds, a Journey Through Time The Castle of Montson\u00eds is a magnificent fortress nestled at the top of the small and peaceful village of Montson\u00eds, surrounded by fertile lands and stunning views. [\/vc_column_text][\/vc_column][vc_column width=&#8221;1\/4&#8243;][\/vc_column][\/vc_row][vc_row css=&#8221;.vc_custom_1673348814353{padding-top: 10% !important;padding-right: [...]\" \/>\n<meta property=\"og:url\" content=\"https:\/\/castillodemontsonis.es\/en\/\" \/>\n<meta property=\"og:site_name\" content=\"Castillo de Montson\u00eds\" \/>\n<meta property=\"article:modified_time\" content=\"2023-10-18T13:58:28+00:00\" \/>\n<meta property=\"og:image\" content=\"https:\/\/castillodemontsonis.es\/wp-content\/uploads\/2023\/01\/CASTILLO-MONTSONIS-EXTERIOR-OK.jpg\" \/>\n\t<meta property=\"og:image:width\" content=\"1024\" \/>\n\t<meta property=\"og:image:height\" content=\"770\" \/>\n\t<meta property=\"og:image:type\" content=\"image\/jpeg\" \/>\n<meta name=\"twitter:card\" content=\"summary_large_image\" \/>\n<meta name=\"twitter:label1\" content=\"Est. reading time\" \/>\n\t<meta name=\"twitter:data1\" content=\"4 minutes\" \/>\n<script type=\"application\/ld+json\" class=\"yoast-schema-graph\">{\"@context\":\"https:\/\/schema.org\",\"@graph\":[{\"@type\":\"WebPage\",\"@id\":\"https:\/\/castillodemontsonis.es\/en\/\",\"url\":\"https:\/\/castillodemontsonis.es\/en\/\",\"name\":\"Home - Castillo de Montson\u00eds\",\"isPartOf\":{\"@id\":\"https:\/\/castillodemontsonis.es\/#website\"},\"datePublished\":\"2022-11-28T14:10:56+00:00\",\"dateModified\":\"2023-10-18T13:58:28+00:00\",\"breadcrumb\":{\"@id\":\"https:\/\/castillodemontsonis.es\/en\/#breadcrumb\"},\"inLanguage\":\"en-US\",\"potentialAction\":[{\"@type\":\"ReadAction\",\"target\":[\"https:\/\/castillodemontsonis.es\/en\/\"]}]},{\"@type\":\"BreadcrumbList\",\"@id\":\"https:\/\/castillodemontsonis.es\/en\/#breadcrumb\",\"itemListElement\":[{\"@type\":\"ListItem\",\"position\":1,\"name\":\"Portada\",\"item\":\"https:\/\/castillodemontsonis.es\/en\/\"},{\"@type\":\"ListItem\",\"position\":2,\"name\":\"Home\"}]},{\"@type\":\"WebSite\",\"@id\":\"https:\/\/castillodemontsonis.es\/#website\",\"url\":\"https:\/\/castillodemontsonis.es\/\",\"name\":\"Castillo de Montson\u00eds\",\"description\":\"Castell de Montson\u00eds\",\"potentialAction\":[{\"@type\":\"SearchAction\",\"target\":{\"@type\":\"EntryPoint\",\"urlTemplate\":\"https:\/\/castillodemontsonis.es\/?s={search_term_string}\"},\"query-input\":\"required name=search_term_string\"}],\"inLanguage\":\"en-US\"}]}<\/script>\n<!-- \/ Yoast SEO plugin. -->","yoast_head_json":{"title":"Home - Castillo de Montson\u00eds","robots":{"index":"index","follow":"follow","max-snippet":"max-snippet:-1","max-image-preview":"max-image-preview:large","max-video-preview":"max-video-preview:-1"},"canonical":"https:\/\/castillodemontsonis.es\/en\/","og_locale":"en_US","og_type":"article","og_title":"Home - Castillo de Montson\u00eds","og_description":"[vc_row css=&#8221;.vc_custom_1673345680717{padding-top: 20% !important;padding-bottom: 20% !important;background-image: url(https:\/\/castillodemontsonis.es\/wp-content\/uploads\/2023\/01\/castillo-de-montsonis.jpg?id=58) !important;background-position: center !important;background-repeat: no-repeat !important;background-size: cover !important;}&#8221;][vc_column width=&#8221;1\/4&#8243;][\/vc_column][vc_column width=&#8221;1\/2&#8243;][vc_column_text] Castle of Montson\u00eds, a Journey Through Time The Castle of Montson\u00eds is a magnificent fortress nestled at the top of the small and peaceful village of Montson\u00eds, surrounded by fertile lands and stunning views. [\/vc_column_text][\/vc_column][vc_column width=&#8221;1\/4&#8243;][\/vc_column][\/vc_row][vc_row css=&#8221;.vc_custom_1673348814353{padding-top: 10% !important;padding-right: [...]","og_url":"https:\/\/castillodemontsonis.es\/en\/","og_site_name":"Castillo de Montson\u00eds","article_modified_time":"2023-10-18T13:58:28+00:00","og_image":[{"width":1024,"height":770,"url":"https:\/\/castillodemontsonis.es\/wp-content\/uploads\/2023\/01\/CASTILLO-MONTSONIS-EXTERIOR-OK.jpg","type":"image\/jpeg"}],"twitter_card":"summary_large_image","twitter_misc":{"Est. reading time":"4 minutes"},"schema":{"@context":"https:\/\/schema.org","@graph":[{"@type":"WebPage","@id":"https:\/\/castillodemontsonis.es\/en\/","url":"https:\/\/castillodemontsonis.es\/en\/","name":"Home - Castillo de Montson\u00eds","isPartOf":{"@id":"https:\/\/castillodemontsonis.es\/#website"},"datePublished":"2022-11-28T14:10:56+00:00","dateModified":"2023-10-18T13:58:28+00:00","breadcrumb":{"@id":"https:\/\/castillodemontsonis.es\/en\/#breadcrumb"},"inLanguage":"en-US","potentialAction":[{"@type":"ReadAction","target":["https:\/\/castillodemontsonis.es\/en\/"]}]},{"@type":"BreadcrumbList","@id":"https:\/\/castillodemontsonis.es\/en\/#breadcrumb","itemListElement":[{"@type":"ListItem","position":1,"name":"Portada","item":"https:\/\/castillodemontsonis.es\/en\/"},{"@type":"ListItem","position":2,"name":"Home"}]},{"@type":"WebSite","@id":"https:\/\/castillodemontsonis.es\/#website","url":"https:\/\/castillodemontsonis.es\/","name":"Castillo de Montson\u00eds","description":"Castell de Montson\u00eds","potentialAction":[{"@type":"SearchAction","target":{"@type":"EntryPoint","urlTemplate":"https:\/\/castillodemontsonis.es\/?s={search_term_string}"},"query-input":"required name=search_term_string"}],"inLanguage":"en-US"}]}},"_links":{"self":[{"href":"https:\/\/castillodemontsonis.es\/en\/wp-json\/wp\/v2\/pages\/479","targetHints":{"allow":["GET"]}}],"collection":[{"href":"https:\/\/castillodemontsonis.es\/en\/wp-json\/wp\/v2\/pages"}],"about":[{"href":"https:\/\/castillodemontsonis.es\/en\/wp-json\/wp\/v2\/types\/page"}],"author":[{"embeddable":true,"href":"https:\/\/castillodemontsonis.es\/en\/wp-json\/wp\/v2\/users\/1"}],"replies":[{"embeddable":true,"href":"https:\/\/castillodemontsonis.es\/en\/wp-json\/wp\/v2\/comments?post=479"}],"version-history":[{"count":6,"href":"https:\/\/castillodemontsonis.es\/en\/wp-json\/wp\/v2\/pages\/479\/revisions"}],"predecessor-version":[{"id":523,"href":"https:\/\/castillodemontsonis.es\/en\/wp-json\/wp\/v2\/pages\/479\/revisions\/523"}],"wp:featuredmedia":[{"embeddable":true,"href":"https:\/\/castillodemontsonis.es\/en\/wp-json\/wp\/v2\/media\/438"}],"wp:attachment":[{"href":"https:\/\/castillodemontsonis.es\/en\/wp-json\/wp\/v2\/media?parent=479"}],"curies":[{"name":"wp","href":"https:\/\/api.w.org\/{rel}","templated":true}]}}